{"id":25456,"date":"2025-05-24T15:37:00","date_gmt":"2025-05-24T15:37:00","guid":{"rendered":"https:\/\/chatecommerce.com\/book-your-call\/"},"modified":"2025-07-24T22:32:34","modified_gmt":"2025-07-24T22:32:34","slug":"book-your-call","status":"publish","type":"page","link":"https:\/\/chatecommerce.com\/pt-br\/book-your-call\/","title":{"rendered":"Book your call"},"content":{"rendered":"\t\t<div data-elementor-type=\"wp-page\" data-elementor-id=\"25456\" class=\"elementor elementor-25456 elementor-25450\" data-elementor-post-type=\"page\">\n\t\t\t\t\t\t<section class=\"elementor-section elementor-top-section elementor-element elementor-element-3958e34 elementor-section-boxed elementor-section-height-default elementor-section-height-default\" data-id=\"3958e34\" data-element_type=\"section\" data-e-type=\"section\">\n\t\t\t\t\t\t<div class=\"elementor-container elementor-column-gap-default\">\n\t\t\t\t\t<div class=\"elementor-column elementor-col-100 elementor-top-column elementor-element elementor-element-e87d90f\" data-id=\"e87d90f\" data-element_type=\"column\" data-e-type=\"column\">\n\t\t\t<div class=\"elementor-widget-wrap elementor-element-populated\">\n\t\t\t\t\t\t<div class=\"elementor-element elementor-element-8a84e60 elementor-widget elementor-widget-html\" data-id=\"8a84e60\" data-element_type=\"widget\" data-e-type=\"widget\" data-widget_type=\"html.default\">\n\t\t\t\t<div class=\"elementor-widget-container\">\n\t\t\t\t\t<!-- Start of Meetings Embed Script -->\n    <div class=\"meetings-iframe-container\" data-src=\"https:\/\/meetings.hubspot.com\/patricia-da-silva-tibucio?embed=true\"><\/div>\n    <script type=\"text\/javascript\" src=\"https:\/\/static.hsappstatic.net\/MeetingsEmbed\/ex\/MeetingsEmbedCode.js\"><\/script>\n  <!-- End of Meetings Embed Script -->\t\t\t\t<\/div>\n\t\t\t\t<\/div>\n\t\t\t\t\t<\/div>\n\t\t<\/div>\n\t\t\t\t\t<\/div>\n\t\t<\/section>\n\t\t\t\t<\/div>\n\t\t","protected":false},"excerpt":{"rendered":"","protected":false},"author":20,"featured_media":0,"parent":0,"menu_order":0,"comment_status":"closed","ping_status":"closed","template":"elementor_header_footer","meta":{"_acf_changed":false,"content-type":"","inline_featured_image":false,"footnotes":""},"class_list":["post-25456","page","type-page","status-publish","hentry"],"acf":[],"yoast_head":"<!-- This site is optimized with the Yoast SEO plugin v27.5 - https:\/\/yoast.com\/product\/yoast-seo-wordpress\/ -->\n<title>Book your call | Com\u00e9rcio social - Venda atrav\u00e9s do WhatsApp, m\u00eddia social e Chat<\/title>\n<meta name=\"robots\" content=\"index, follow, max-snippet:-1, max-image-preview:large, max-video-preview:-1\" \/>\n<link rel=\"canonical\" href=\"https:\/\/chatecommerce.com\/pt-br\/book-your-call\/\" \/>\n<meta property=\"og:locale\" content=\"pt_BR\" \/>\n<meta property=\"og:type\" content=\"article\" \/>\n<meta property=\"og:title\" content=\"Book your call | Com\u00e9rcio social - Venda atrav\u00e9s do WhatsApp, m\u00eddia social e Chat\" \/>\n<meta property=\"og:url\" content=\"https:\/\/chatecommerce.com\/pt-br\/book-your-call\/\" \/>\n<meta property=\"og:site_name\" content=\"Com\u00e9rcio social - Venda atrav\u00e9s do WhatsApp, m\u00eddia social e Chat\" \/>\n<meta property=\"article:publisher\" content=\"https:\/\/www.facebook.com\/Chatcenternetwork\" \/>\n<meta property=\"article:modified_time\" content=\"2025-07-24T22:32:34+00:00\" \/>\n<meta property=\"og:image\" content=\"https:\/\/chatecommerce.com\/wp-content\/uploads\/2025\/11\/CeC-OpenGraph.png\" \/>\n\t<meta property=\"og:image:width\" content=\"1201\" \/>\n\t<meta property=\"og:image:height\" content=\"631\" \/>\n\t<meta property=\"og:image:type\" content=\"image\/png\" \/>\n<meta name=\"twitter:card\" content=\"summary_large_image\" \/>\n<meta name=\"twitter:site\" content=\"@ChatCenterNet\" \/>\n<meta name=\"twitter:label1\" content=\"Est. tempo de leitura\" \/>\n\t<meta name=\"twitter:data1\" content=\"1 minuto\" \/>\n<!-- \/ Yoast SEO plugin. -->","yoast_head_json":{"title":"Book your call | Com\u00e9rcio social - Venda atrav\u00e9s do WhatsApp, m\u00eddia social e Chat","robots":{"index":"index","follow":"follow","max-snippet":"max-snippet:-1","max-image-preview":"max-image-preview:large","max-video-preview":"max-video-preview:-1"},"canonical":"https:\/\/chatecommerce.com\/pt-br\/book-your-call\/","og_locale":"pt_BR","og_type":"article","og_title":"Book your call | Com\u00e9rcio social - Venda atrav\u00e9s do WhatsApp, m\u00eddia social e Chat","og_url":"https:\/\/chatecommerce.com\/pt-br\/book-your-call\/","og_site_name":"Com\u00e9rcio social - Venda atrav\u00e9s do WhatsApp, m\u00eddia social e Chat","article_publisher":"https:\/\/www.facebook.com\/Chatcenternetwork","article_modified_time":"2025-07-24T22:32:34+00:00","og_image":[{"width":1201,"height":631,"url":"https:\/\/chatecommerce.com\/wp-content\/uploads\/2025\/11\/CeC-OpenGraph.png","type":"image\/png"}],"twitter_card":"summary_large_image","twitter_site":"@ChatCenterNet","twitter_misc":{"Est. tempo de leitura":"1 minuto"},"schema":{"@context":"https:\/\/schema.org","@graph":[{"@type":"WebPage","@id":"https:\/\/chatecommerce.com\/pt-br\/book-your-call\/","url":"https:\/\/chatecommerce.com\/pt-br\/book-your-call\/","name":"Book your call | Com\u00e9rcio social - Venda atrav\u00e9s do WhatsApp, m\u00eddia social e Chat","isPartOf":{"@id":"https:\/\/chatecommerce.com\/#website"},"datePublished":"2025-05-24T15:37:00+00:00","dateModified":"2025-07-24T22:32:34+00:00","breadcrumb":{"@id":"https:\/\/chatecommerce.com\/pt-br\/book-your-call\/#breadcrumb"},"inLanguage":"pt-BR","potentialAction":[{"@type":"ReadAction","target":["https:\/\/chatecommerce.com\/pt-br\/book-your-call\/"]}]},{"@type":"BreadcrumbList","@id":"https:\/\/chatecommerce.com\/pt-br\/book-your-call\/#breadcrumb","itemListElement":[{"@type":"ListItem","position":1,"name":"Portada","item":"https:\/\/chatecommerce.com\/"},{"@type":"ListItem","position":2,"name":"Book your call"}]},{"@type":"WebSite","@id":"https:\/\/chatecommerce.com\/#website","url":"https:\/\/chatecommerce.com\/","name":"Chat Center","description":"","publisher":{"@id":"https:\/\/chatecommerce.com\/#organization"},"potentialAction":[{"@type":"SearchAction","target":{"@type":"EntryPoint","urlTemplate":"https:\/\/chatecommerce.com\/?s={search_term_string}"},"query-input":{"@type":"PropertyValueSpecification","valueRequired":true,"valueName":"search_term_string"}}],"inLanguage":"pt-BR"},{"@type":"Organization","@id":"https:\/\/chatecommerce.com\/#organization","name":"Chat Center","url":"https:\/\/chatecommerce.com\/","logo":{"@type":"ImageObject","inLanguage":"pt-BR","@id":"https:\/\/chatecommerce.com\/#\/schema\/logo\/image\/","url":"https:\/\/chatecommerce.com\/wp-content\/uploads\/2025\/04\/Logo-CNN.svg","contentUrl":"https:\/\/chatecommerce.com\/wp-content\/uploads\/2025\/04\/Logo-CNN.svg","width":1,"height":1,"caption":"Chat Center"},"image":{"@id":"https:\/\/chatecommerce.com\/#\/schema\/logo\/image\/"},"sameAs":["https:\/\/www.facebook.com\/Chatcenternetwork","https:\/\/x.com\/ChatCenterNet","https:\/\/www.instagram.com\/chatcenternet\/","https:\/\/www.youtube.com\/channel\/UCpDgz93UjLc7znUB2GiQ6dQ","https:\/\/www.linkedin.com\/company\/chatcenter"]}]}},"_links":{"self":[{"href":"https:\/\/chatecommerce.com\/pt-br\/wp-json\/wp\/v2\/pages\/25456","targetHints":{"allow":["GET"]}}],"collection":[{"href":"https:\/\/chatecommerce.com\/pt-br\/wp-json\/wp\/v2\/pages"}],"about":[{"href":"https:\/\/chatecommerce.com\/pt-br\/wp-json\/wp\/v2\/types\/page"}],"author":[{"embeddable":true,"href":"https:\/\/chatecommerce.com\/pt-br\/wp-json\/wp\/v2\/users\/20"}],"replies":[{"embeddable":true,"href":"https:\/\/chatecommerce.com\/pt-br\/wp-json\/wp\/v2\/comments?post=25456"}],"version-history":[{"count":21,"href":"https:\/\/chatecommerce.com\/pt-br\/wp-json\/wp\/v2\/pages\/25456\/revisions"}],"predecessor-version":[{"id":26345,"href":"https:\/\/chatecommerce.com\/pt-br\/wp-json\/wp\/v2\/pages\/25456\/revisions\/26345"}],"wp:attachment":[{"href":"https:\/\/chatecommerce.com\/pt-br\/wp-json\/wp\/v2\/media?parent=25456"}],"curies":[{"name":"wp","href":"https:\/\/api.w.org\/{rel}","templated":true}]}}