{"id":27169,"date":"2025-08-22T12:33:43","date_gmt":"2025-08-22T12:33:43","guid":{"rendered":"https:\/\/chatecommerce.com\/integrations\/"},"modified":"2026-04-10T19:44:40","modified_gmt":"2026-04-10T19:44:40","slug":"integracoes","status":"publish","type":"page","link":"https:\/\/chatecommerce.com\/pt-br\/integracoes\/","title":{"rendered":"Integra\u00e7\u00f5es"},"content":{"rendered":"\t\t<div data-elementor-type=\"wp-page\" data-elementor-id=\"27169\" class=\"elementor elementor-27169 elementor-27128\" data-elementor-post-type=\"page\">\n\t\t\t\t<div class=\"elementor-element elementor-element-166f67b e-flex e-con-boxed e-con e-parent\" data-id=\"166f67b\" data-element_type=\"container\" data-e-type=\"container\" data-settings=\"{&quot;background_background&quot;:&quot;classic&quot;}\">\n\t\t\t\t\t<div class=\"e-con-inner\">\n\t\t\t\t<div class=\"elementor-element elementor-element-2a405aa elementor-widget elementor-widget-heading\" data-id=\"2a405aa\" data-element_type=\"widget\" data-e-type=\"widget\" data-widget_type=\"heading.default\">\n\t\t\t\t<div class=\"elementor-widget-container\">\n\t\t\t\t\t<h2 class=\"elementor-heading-title elementor-size-default\">Integra\u00e7\u00f5es<\/h2>\t\t\t\t<\/div>\n\t\t\t\t<\/div>\n\t\t\t\t<div class=\"elementor-element elementor-element-901d8d6 elementor-widget elementor-widget-heading\" data-id=\"901d8d6\" data-element_type=\"widget\" data-e-type=\"widget\" data-widget_type=\"heading.default\">\n\t\t\t\t<div class=\"elementor-widget-container\">\n\t\t\t\t\t<div class=\"elementor-heading-title elementor-size-default\">Crie qualquer integra\u00e7\u00e3o que voc\u00ea precisar. Explore os conectores integrados do <strong>ChateCommerce<\/strong>.<\/div>\t\t\t\t<\/div>\n\t\t\t\t<\/div>\n\t\t\t\t\t<\/div>\n\t\t\t\t<\/div>\n\t\t<div class=\"elementor-element elementor-element-56c9668 e-flex e-con-boxed e-con e-parent\" data-id=\"56c9668\" data-element_type=\"container\" data-e-type=\"container\" data-settings=\"{&quot;background_background&quot;:&quot;classic&quot;}\">\n\t\t\t\t\t<div class=\"e-con-inner\">\n\t\t\t\t<div class=\"elementor-element elementor-element-ae48d27 e-n-tabs-mobile elementor-widget elementor-widget-n-tabs\" data-id=\"ae48d27\" data-element_type=\"widget\" data-e-type=\"widget\" data-settings=\"{&quot;tabs_justify_horizontal_mobile&quot;:&quot;center&quot;,&quot;horizontal_scroll_mobile&quot;:&quot;disable&quot;,&quot;horizontal_scroll&quot;:&quot;disable&quot;}\" data-widget_type=\"nested-tabs.default\">\n\t\t\t\t<div class=\"elementor-widget-container\">\n\t\t\t\t\t\t\t<div class=\"e-n-tabs\" data-widget-number=\"182750503\" aria-label=\"Abas. Abra itens com &quot;Enter&quot; ou &quot;Espa\u00e7o&quot;, feche com &quot;Escape&quot; e navegue usando as teclas de &quot;Seta&quot;.\">\n\t\t\t<div class=\"e-n-tabs-heading\" role=\"tablist\">\n\t\t\t\t\t<button id=\"e-n-tab-title-1827505031\" data-tab-title-id=\"e-n-tab-title-1827505031\" class=\"e-n-tab-title\" aria-selected=\"true\" data-tab-index=\"1\" role=\"tab\" tabindex=\"0\" aria-controls=\"e-n-tab-content-1827505031\" style=\"--n-tabs-title-order: 1;\">\n\t\t\t\t\t\t<span class=\"e-n-tab-title-text\">\n\t\t\t\tEcommerce\t\t\t<\/span>\n\t\t<\/button>\n\t\t\t\t<button id=\"e-n-tab-title-1827505032\" data-tab-title-id=\"e-n-tab-title-1827505032\" class=\"e-n-tab-title\" aria-selected=\"false\" data-tab-index=\"2\" role=\"tab\" tabindex=\"-1\" aria-controls=\"e-n-tab-content-1827505032\" style=\"--n-tabs-title-order: 2;\">\n\t\t\t\t\t\t<span class=\"e-n-tab-title-text\">\n\t\t\t\tCRM\t\t\t<\/span>\n\t\t<\/button>\n\t\t\t\t\t<\/div>\n\t\t\t<div class=\"e-n-tabs-content\">\n\t\t\t\t<div id=\"e-n-tab-content-1827505031\" role=\"tabpanel\" aria-labelledby=\"e-n-tab-title-1827505031\" data-tab-index=\"1\" style=\"--n-tabs-title-order: 1;\" class=\"e-active elementor-element elementor-element-17b18f6 e-con-full e-flex e-con e-child\" data-id=\"17b18f6\" data-element_type=\"container\" data-e-type=\"container\">\n\t\t<div class=\"elementor-element elementor-element-2191ea4 e-flex e-con-boxed e-con e-child\" data-id=\"2191ea4\" data-element_type=\"container\" data-e-type=\"container\" data-settings=\"{&quot;background_background&quot;:&quot;classic&quot;}\">\n\t\t\t\t\t<div class=\"e-con-inner\">\n\t\t\t\t<div class=\"elementor-element elementor-element-db11bb9 elementor-position-left elementor-position-left elementor-vertical-align-middle elementor-widget__width-auto elementor-widget-mobile__width-initial elementor-widget elementor-widget-image-box\" data-id=\"db11bb9\" data-element_type=\"widget\" data-e-type=\"widget\" data-widget_type=\"image-box.default\">\n\t\t\t\t<div class=\"elementor-widget-container\">\n\t\t\t\t\t<div class=\"elementor-image-box-wrapper\"><figure class=\"elementor-image-box-img\"><a href=\"https:\/\/chatecommerce.com\/pt-br\/integracoes\/nuvemshop\/\" target=\"_blank\" tabindex=\"-1\"><img decoding=\"async\" width=\"172\" height=\"128\" src=\"https:\/\/chatecommerce.com\/wp-content\/uploads\/2025\/08\/tn.png\" class=\"attachment-full size-full wp-image-26763\" alt=\"\" \/><\/a><\/figure><div class=\"elementor-image-box-content\"><h3 class=\"elementor-image-box-title\"><a href=\"https:\/\/chatecommerce.com\/pt-br\/integracoes\/nuvemshop\/\" target=\"_blank\">Tiendanube<\/a><\/h3><\/div><\/div>\t\t\t\t<\/div>\n\t\t\t\t<\/div>\n\t\t\t\t<div class=\"elementor-element elementor-element-5662a50 elementor-position-left elementor-position-left elementor-vertical-align-middle elementor-widget__width-auto elementor-widget-mobile__width-initial elementor-widget elementor-widget-image-box\" data-id=\"5662a50\" data-element_type=\"widget\" data-e-type=\"widget\" data-widget_type=\"image-box.default\">\n\t\t\t\t<div class=\"elementor-widget-container\">\n\t\t\t\t\t<div class=\"elementor-image-box-wrapper\"><figure class=\"elementor-image-box-img\"><a href=\"https:\/\/chatecommerce.com\/pt-br\/integracoes\/woocommerce\/\" target=\"_blank\" tabindex=\"-1\"><img decoding=\"async\" width=\"128\" height=\"128\" src=\"https:\/\/chatecommerce.com\/wp-content\/uploads\/2025\/08\/wc.png\" class=\"attachment-full size-full wp-image-26775\" alt=\"\" \/><\/a><\/figure><div class=\"elementor-image-box-content\"><h3 class=\"elementor-image-box-title\"><a href=\"https:\/\/chatecommerce.com\/pt-br\/integracoes\/woocommerce\/\" target=\"_blank\">Woocommerce<\/a><\/h3><\/div><\/div>\t\t\t\t<\/div>\n\t\t\t\t<\/div>\n\t\t\t\t<div class=\"elementor-element elementor-element-af84089 elementor-position-left elementor-position-left elementor-vertical-align-middle elementor-widget__width-auto elementor-widget-mobile__width-initial elementor-widget elementor-widget-image-box\" data-id=\"af84089\" data-element_type=\"widget\" data-e-type=\"widget\" data-widget_type=\"image-box.default\">\n\t\t\t\t<div class=\"elementor-widget-container\">\n\t\t\t\t\t<div class=\"elementor-image-box-wrapper\"><figure class=\"elementor-image-box-img\"><a href=\"https:\/\/chatecommerce.com\/pt-br\/integracoes\/vtex\/\" target=\"_blank\" tabindex=\"-1\"><img decoding=\"async\" width=\"128\" height=\"128\" src=\"https:\/\/chatecommerce.com\/wp-content\/uploads\/2025\/08\/vt.png\" class=\"attachment-full size-full wp-image-26772\" alt=\"\" \/><\/a><\/figure><div class=\"elementor-image-box-content\"><h3 class=\"elementor-image-box-title\"><a href=\"https:\/\/chatecommerce.com\/pt-br\/integracoes\/vtex\/\" target=\"_blank\">Vtex<\/a><\/h3><\/div><\/div>\t\t\t\t<\/div>\n\t\t\t\t<\/div>\n\t\t\t\t<div class=\"elementor-element elementor-element-d595739 elementor-position-left elementor-position-left elementor-vertical-align-middle elementor-widget__width-auto elementor-widget-mobile__width-initial elementor-widget elementor-widget-image-box\" data-id=\"d595739\" data-element_type=\"widget\" data-e-type=\"widget\" data-widget_type=\"image-box.default\">\n\t\t\t\t<div class=\"elementor-widget-container\">\n\t\t\t\t\t<div class=\"elementor-image-box-wrapper\"><figure class=\"elementor-image-box-img\"><a href=\"https:\/\/chatecommerce.com\/pt-br\/integracoes\/shopify\/\" target=\"_blank\" tabindex=\"-1\"><img loading=\"lazy\" decoding=\"async\" width=\"128\" height=\"128\" src=\"https:\/\/chatecommerce.com\/wp-content\/uploads\/2025\/08\/shop.png\" class=\"attachment-full size-full wp-image-26769\" alt=\"\" \/><\/a><\/figure><div class=\"elementor-image-box-content\"><h3 class=\"elementor-image-box-title\"><a href=\"https:\/\/chatecommerce.com\/pt-br\/integracoes\/shopify\/\" target=\"_blank\">Shopify<\/a><\/h3><\/div><\/div>\t\t\t\t<\/div>\n\t\t\t\t<\/div>\n\t\t\t\t<div class=\"elementor-element elementor-element-7214a4e elementor-position-left elementor-position-left elementor-vertical-align-middle elementor-widget__width-auto elementor-widget-mobile__width-initial elementor-widget elementor-widget-image-box\" data-id=\"7214a4e\" data-element_type=\"widget\" data-e-type=\"widget\" data-widget_type=\"image-box.default\">\n\t\t\t\t<div class=\"elementor-widget-container\">\n\t\t\t\t\t<div class=\"elementor-image-box-wrapper\"><figure class=\"elementor-image-box-img\"><a href=\"https:\/\/chatecommerce.com\/pt-br\/integracoes\/magento\/\" target=\"_blank\" tabindex=\"-1\"><img loading=\"lazy\" decoding=\"async\" width=\"128\" height=\"128\" src=\"https:\/\/chatecommerce.com\/wp-content\/uploads\/2025\/08\/magento.png\" class=\"attachment-full size-full wp-image-26766\" alt=\"\" \/><\/a><\/figure><div class=\"elementor-image-box-content\"><h3 class=\"elementor-image-box-title\"><a href=\"https:\/\/chatecommerce.com\/pt-br\/integracoes\/magento\/\" target=\"_blank\">Magento<\/a><\/h3><\/div><\/div>\t\t\t\t<\/div>\n\t\t\t\t<\/div>\n\t\t\t\t\t<\/div>\n\t\t\t\t<\/div>\n\t\t\t\t<\/div>\n\t\t<div id=\"e-n-tab-content-1827505032\" role=\"tabpanel\" aria-labelledby=\"e-n-tab-title-1827505032\" data-tab-index=\"2\" style=\"--n-tabs-title-order: 2;\" class=\" elementor-element elementor-element-b29923a e-con-full e-flex e-con e-child\" data-id=\"b29923a\" data-element_type=\"container\" data-e-type=\"container\">\n\t\t<div class=\"elementor-element elementor-element-afe0d21 e-flex e-con-boxed e-con e-child\" data-id=\"afe0d21\" data-element_type=\"container\" data-e-type=\"container\" data-settings=\"{&quot;background_background&quot;:&quot;classic&quot;}\">\n\t\t\t\t\t<div class=\"e-con-inner\">\n\t\t\t\t<div class=\"elementor-element elementor-element-8a29b3c elementor-position-left elementor-position-left elementor-vertical-align-middle elementor-widget__width-auto elementor-widget-mobile__width-initial elementor-widget elementor-widget-image-box\" data-id=\"8a29b3c\" data-element_type=\"widget\" data-e-type=\"widget\" data-widget_type=\"image-box.default\">\n\t\t\t\t<div class=\"elementor-widget-container\">\n\t\t\t\t\t<div class=\"elementor-image-box-wrapper\"><figure class=\"elementor-image-box-img\"><a href=\"https:\/\/chatecommerce.com\/pt-br\/integracoes\/salesforce\/\" target=\"_blank\" tabindex=\"-1\"><img loading=\"lazy\" decoding=\"async\" width=\"266\" height=\"192\" src=\"https:\/\/chatecommerce.com\/wp-content\/uploads\/2025\/08\/Salesforce-1.png\" class=\"attachment-full size-full wp-image-27840\" alt=\"\" \/><\/a><\/figure><div class=\"elementor-image-box-content\"><h3 class=\"elementor-image-box-title\"><a href=\"https:\/\/chatecommerce.com\/pt-br\/integracoes\/salesforce\/\" target=\"_blank\">Salesforce<\/a><\/h3><\/div><\/div>\t\t\t\t<\/div>\n\t\t\t\t<\/div>\n\t\t\t\t<div class=\"elementor-element elementor-element-d2af244 elementor-position-left elementor-position-left elementor-vertical-align-middle elementor-widget__width-auto elementor-widget-mobile__width-initial elementor-widget elementor-widget-image-box\" data-id=\"d2af244\" data-element_type=\"widget\" data-e-type=\"widget\" data-widget_type=\"image-box.default\">\n\t\t\t\t<div class=\"elementor-widget-container\">\n\t\t\t\t\t<div class=\"elementor-image-box-wrapper\"><figure class=\"elementor-image-box-img\"><a href=\"https:\/\/chatecommerce.com\/pt-br\/integracoes\/zendesk\/\" target=\"_blank\" tabindex=\"-1\"><img loading=\"lazy\" decoding=\"async\" width=\"256\" height=\"256\" src=\"https:\/\/chatecommerce.com\/wp-content\/uploads\/2025\/08\/zd.png\" class=\"attachment-full size-full wp-image-26670\" alt=\"\" srcset=\"https:\/\/chatecommerce.com\/wp-content\/uploads\/2025\/08\/zd.png 256w, https:\/\/chatecommerce.com\/wp-content\/uploads\/2025\/08\/zd-150x150.png 150w\" sizes=\"(max-width: 256px) 100vw, 256px\" \/><\/a><\/figure><div class=\"elementor-image-box-content\"><h3 class=\"elementor-image-box-title\"><a href=\"https:\/\/chatecommerce.com\/pt-br\/integracoes\/zendesk\/\" target=\"_blank\">Zendesk<\/a><\/h3><\/div><\/div>\t\t\t\t<\/div>\n\t\t\t\t<\/div>\n\t\t\t\t<div class=\"elementor-element elementor-element-2a1e86e elementor-position-left elementor-position-left elementor-vertical-align-middle elementor-widget__width-auto elementor-widget-mobile__width-initial elementor-widget elementor-widget-image-box\" data-id=\"2a1e86e\" data-element_type=\"widget\" data-e-type=\"widget\" data-widget_type=\"image-box.default\">\n\t\t\t\t<div class=\"elementor-widget-container\">\n\t\t\t\t\t<div class=\"elementor-image-box-wrapper\"><figure class=\"elementor-image-box-img\"><a href=\"https:\/\/chatecommerce.com\/pt-br\/integracoes\/pipedrive\/\" target=\"_blank\" tabindex=\"-1\"><img loading=\"lazy\" decoding=\"async\" width=\"256\" height=\"256\" src=\"https:\/\/chatecommerce.com\/wp-content\/uploads\/2025\/08\/pd-1.png\" class=\"attachment-full size-full wp-image-26748\" alt=\"\" srcset=\"https:\/\/chatecommerce.com\/wp-content\/uploads\/2025\/08\/pd-1.png 256w, https:\/\/chatecommerce.com\/wp-content\/uploads\/2025\/08\/pd-1-150x150.png 150w\" sizes=\"(max-width: 256px) 100vw, 256px\" \/><\/a><\/figure><div class=\"elementor-image-box-content\"><h3 class=\"elementor-image-box-title\"><a href=\"https:\/\/chatecommerce.com\/pt-br\/integracoes\/pipedrive\/\" target=\"_blank\">Pipedrive<\/a><\/h3><\/div><\/div>\t\t\t\t<\/div>\n\t\t\t\t<\/div>\n\t\t\t\t<div class=\"elementor-element elementor-element-696d248 elementor-position-left elementor-position-left elementor-vertical-align-middle elementor-widget__width-auto elementor-widget-mobile__width-initial elementor-widget elementor-widget-image-box\" data-id=\"696d248\" data-element_type=\"widget\" data-e-type=\"widget\" data-widget_type=\"image-box.default\">\n\t\t\t\t<div class=\"elementor-widget-container\">\n\t\t\t\t\t<div class=\"elementor-image-box-wrapper\"><figure class=\"elementor-image-box-img\"><a href=\"https:\/\/chatecommerce.com\/pt-br\/integracoes\/zoho\/\" target=\"_blank\" tabindex=\"-1\"><img loading=\"lazy\" decoding=\"async\" width=\"256\" height=\"256\" src=\"https:\/\/chatecommerce.com\/wp-content\/uploads\/2025\/08\/zoho.png\" class=\"attachment-full size-full wp-image-26673\" alt=\"\" srcset=\"https:\/\/chatecommerce.com\/wp-content\/uploads\/2025\/08\/zoho.png 256w, https:\/\/chatecommerce.com\/wp-content\/uploads\/2025\/08\/zoho-150x150.png 150w\" sizes=\"(max-width: 256px) 100vw, 256px\" \/><\/a><\/figure><div class=\"elementor-image-box-content\"><h3 class=\"elementor-image-box-title\"><a href=\"https:\/\/chatecommerce.com\/pt-br\/integracoes\/zoho\/\" target=\"_blank\">Zoho<\/a><\/h3><\/div><\/div>\t\t\t\t<\/div>\n\t\t\t\t<\/div>\n\t\t\t\t<div class=\"elementor-element elementor-element-b0419c3 elementor-position-left elementor-position-left elementor-vertical-align-middle elementor-widget__width-auto elementor-widget-mobile__width-initial elementor-widget elementor-widget-image-box\" data-id=\"b0419c3\" data-element_type=\"widget\" data-e-type=\"widget\" data-widget_type=\"image-box.default\">\n\t\t\t\t<div class=\"elementor-widget-container\">\n\t\t\t\t\t<div class=\"elementor-image-box-wrapper\"><figure class=\"elementor-image-box-img\"><a href=\"https:\/\/chatecommerce.com\/pt-br\/integracoes\/hubspot\/\" target=\"_blank\" tabindex=\"-1\"><img loading=\"lazy\" decoding=\"async\" width=\"128\" height=\"128\" src=\"https:\/\/chatecommerce.com\/wp-content\/uploads\/2025\/08\/hub.png\" class=\"attachment-full size-full wp-image-26664\" alt=\"\" \/><\/a><\/figure><div class=\"elementor-image-box-content\"><h3 class=\"elementor-image-box-title\"><a href=\"https:\/\/chatecommerce.com\/pt-br\/integracoes\/hubspot\/\" target=\"_blank\">Hubspot<\/a><\/h3><\/div><\/div>\t\t\t\t<\/div>\n\t\t\t\t<\/div>\n\t\t\t\t\t<\/div>\n\t\t\t\t<\/div>\n\t\t\t\t<\/div>\n\t\t\t\t\t<\/div>\n\t\t<\/div>\n\t\t\t\t\t\t<\/div>\n\t\t\t\t<\/div>\n\t\t\t\t\t<\/div>\n\t\t\t\t<\/div>\n\t\t\t\t<\/div>\n\t\t","protected":false},"excerpt":{"rendered":"<p>Integra\u00e7\u00f5es Crie qualquer integra\u00e7\u00e3o que voc\u00ea precisar. Explore os conectores integrados do ChateCommerce. Ecommerce CRM Tiendanube Woocommerce Vtex Shopify Magento Salesforce Zendesk Pipedrive Zoho Hubspot Tiendanube Woocommerce Vtex Shopify Magento Salesforce Zendesk Pipedrive Zoho Hubspot<\/p>\n","protected":false},"author":14,"featured_media":0,"parent":0,"menu_order":0,"comment_status":"closed","ping_status":"closed","template":"elementor_header_footer","meta":{"_acf_changed":false,"content-type":"","inline_featured_image":false,"footnotes":""},"class_list":["post-27169","page","type-page","status-publish","hentry"],"acf":[],"yoast_head":"<!-- This site is optimized with the Yoast SEO plugin v27.5 - https:\/\/yoast.com\/product\/yoast-seo-wordpress\/ -->\n<title>Integra\u00e7\u00f5es | Com\u00e9rcio social - Venda atrav\u00e9s do WhatsApp, m\u00eddia social e Chat<\/title>\n<meta name=\"robots\" content=\"index, follow, max-snippet:-1, max-image-preview:large, max-video-preview:-1\" \/>\n<link rel=\"canonical\" href=\"https:\/\/chatecommerce.com\/integraciones\/\" \/>\n<meta property=\"og:locale\" content=\"pt_BR\" \/>\n<meta property=\"og:type\" content=\"article\" \/>\n<meta property=\"og:title\" content=\"Integra\u00e7\u00f5es | Com\u00e9rcio social - Venda atrav\u00e9s do WhatsApp, m\u00eddia social e Chat\" \/>\n<meta property=\"og:description\" content=\"Integra\u00e7\u00f5es Crie qualquer integra\u00e7\u00e3o que voc\u00ea precisar. Explore os conectores integrados do ChateCommerce. Ecommerce CRM Tiendanube Woocommerce Vtex Shopify Magento Salesforce Zendesk Pipedrive Zoho Hubspot Tiendanube Woocommerce Vtex Shopify Magento Salesforce Zendesk Pipedrive Zoho Hubspot\" \/>\n<meta property=\"og:url\" content=\"https:\/\/chatecommerce.com\/integraciones\/\" \/>\n<meta property=\"og:site_name\" content=\"Com\u00e9rcio social - Venda atrav\u00e9s do WhatsApp, m\u00eddia social e Chat\" \/>\n<meta property=\"article:publisher\" content=\"https:\/\/www.facebook.com\/Chatcenternetwork\" \/>\n<meta property=\"article:modified_time\" content=\"2026-04-10T19:44:40+00:00\" \/>\n<meta property=\"og:image\" content=\"https:\/\/chatecommerce.com\/wp-content\/uploads\/2025\/08\/tn.png\" \/>\n\t<meta property=\"og:image:width\" content=\"172\" \/>\n\t<meta property=\"og:image:height\" content=\"128\" \/>\n\t<meta property=\"og:image:type\" content=\"image\/png\" \/>\n<meta name=\"twitter:card\" content=\"summary_large_image\" \/>\n<meta name=\"twitter:site\" content=\"@ChatCenterNet\" \/>\n<!-- \/ Yoast SEO plugin. -->","yoast_head_json":{"title":"Integra\u00e7\u00f5es | Com\u00e9rcio social - Venda atrav\u00e9s do WhatsApp, m\u00eddia social e Chat","robots":{"index":"index","follow":"follow","max-snippet":"max-snippet:-1","max-image-preview":"max-image-preview:large","max-video-preview":"max-video-preview:-1"},"canonical":"https:\/\/chatecommerce.com\/integraciones\/","og_locale":"pt_BR","og_type":"article","og_title":"Integra\u00e7\u00f5es | Com\u00e9rcio social - Venda atrav\u00e9s do WhatsApp, m\u00eddia social e Chat","og_description":"Integra\u00e7\u00f5es Crie qualquer integra\u00e7\u00e3o que voc\u00ea precisar. Explore os conectores integrados do ChateCommerce. Ecommerce CRM Tiendanube Woocommerce Vtex Shopify Magento Salesforce Zendesk Pipedrive Zoho Hubspot Tiendanube Woocommerce Vtex Shopify Magento Salesforce Zendesk Pipedrive Zoho Hubspot","og_url":"https:\/\/chatecommerce.com\/integraciones\/","og_site_name":"Com\u00e9rcio social - Venda atrav\u00e9s do WhatsApp, m\u00eddia social e Chat","article_publisher":"https:\/\/www.facebook.com\/Chatcenternetwork","article_modified_time":"2026-04-10T19:44:40+00:00","og_image":[{"width":172,"height":128,"url":"https:\/\/chatecommerce.com\/wp-content\/uploads\/2025\/08\/tn.png","type":"image\/png"}],"twitter_card":"summary_large_image","twitter_site":"@ChatCenterNet","schema":{"@context":"https:\/\/schema.org","@graph":[{"@type":"WebPage","@id":"https:\/\/chatecommerce.com\/integraciones\/","url":"https:\/\/chatecommerce.com\/integraciones\/","name":"Integra\u00e7\u00f5es | Com\u00e9rcio social - Venda atrav\u00e9s do WhatsApp, m\u00eddia social e Chat","isPartOf":{"@id":"https:\/\/chatecommerce.com\/#website"},"primaryImageOfPage":{"@id":"https:\/\/chatecommerce.com\/integraciones\/#primaryimage"},"image":{"@id":"https:\/\/chatecommerce.com\/integraciones\/#primaryimage"},"thumbnailUrl":"https:\/\/chatecommerce.com\/wp-content\/uploads\/2025\/08\/tn.png","datePublished":"2025-08-22T12:33:43+00:00","dateModified":"2026-04-10T19:44:40+00:00","breadcrumb":{"@id":"https:\/\/chatecommerce.com\/integraciones\/#breadcrumb"},"inLanguage":"pt-BR","potentialAction":[{"@type":"ReadAction","target":["https:\/\/chatecommerce.com\/integraciones\/"]}]},{"@type":"ImageObject","inLanguage":"pt-BR","@id":"https:\/\/chatecommerce.com\/integraciones\/#primaryimage","url":"https:\/\/chatecommerce.com\/wp-content\/uploads\/2025\/08\/tn.png","contentUrl":"https:\/\/chatecommerce.com\/wp-content\/uploads\/2025\/08\/tn.png"},{"@type":"BreadcrumbList","@id":"https:\/\/chatecommerce.com\/integraciones\/#breadcrumb","itemListElement":[{"@type":"ListItem","position":1,"name":"Portada","item":"https:\/\/chatecommerce.com\/"},{"@type":"ListItem","position":2,"name":"Integra\u00e7\u00f5es"}]},{"@type":"WebSite","@id":"https:\/\/chatecommerce.com\/#website","url":"https:\/\/chatecommerce.com\/","name":"Chat Center","description":"","publisher":{"@id":"https:\/\/chatecommerce.com\/#organization"},"potentialAction":[{"@type":"SearchAction","target":{"@type":"EntryPoint","urlTemplate":"https:\/\/chatecommerce.com\/?s={search_term_string}"},"query-input":{"@type":"PropertyValueSpecification","valueRequired":true,"valueName":"search_term_string"}}],"inLanguage":"pt-BR"},{"@type":"Organization","@id":"https:\/\/chatecommerce.com\/#organization","name":"Chat Center","url":"https:\/\/chatecommerce.com\/","logo":{"@type":"ImageObject","inLanguage":"pt-BR","@id":"https:\/\/chatecommerce.com\/#\/schema\/logo\/image\/","url":"https:\/\/chatecommerce.com\/wp-content\/uploads\/2025\/04\/Logo-CNN.svg","contentUrl":"https:\/\/chatecommerce.com\/wp-content\/uploads\/2025\/04\/Logo-CNN.svg","width":1,"height":1,"caption":"Chat Center"},"image":{"@id":"https:\/\/chatecommerce.com\/#\/schema\/logo\/image\/"},"sameAs":["https:\/\/www.facebook.com\/Chatcenternetwork","https:\/\/x.com\/ChatCenterNet","https:\/\/www.instagram.com\/chatcenternet\/","https:\/\/www.youtube.com\/channel\/UCpDgz93UjLc7znUB2GiQ6dQ","https:\/\/www.linkedin.com\/company\/chatcenter"]}]}},"_links":{"self":[{"href":"https:\/\/chatecommerce.com\/pt-br\/wp-json\/wp\/v2\/pages\/27169","targetHints":{"allow":["GET"]}}],"collection":[{"href":"https:\/\/chatecommerce.com\/pt-br\/wp-json\/wp\/v2\/pages"}],"about":[{"href":"https:\/\/chatecommerce.com\/pt-br\/wp-json\/wp\/v2\/types\/page"}],"author":[{"embeddable":true,"href":"https:\/\/chatecommerce.com\/pt-br\/wp-json\/wp\/v2\/users\/14"}],"replies":[{"embeddable":true,"href":"https:\/\/chatecommerce.com\/pt-br\/wp-json\/wp\/v2\/comments?post=27169"}],"version-history":[{"count":27,"href":"https:\/\/chatecommerce.com\/pt-br\/wp-json\/wp\/v2\/pages\/27169\/revisions"}],"predecessor-version":[{"id":33144,"href":"https:\/\/chatecommerce.com\/pt-br\/wp-json\/wp\/v2\/pages\/27169\/revisions\/33144"}],"wp:attachment":[{"href":"https:\/\/chatecommerce.com\/pt-br\/wp-json\/wp\/v2\/media?parent=27169"}],"curies":[{"name":"wp","href":"https:\/\/api.w.org\/{rel}","templated":true}]}}